{"id":69,"date":"2024-03-26T15:18:51","date_gmt":"2024-03-26T15:18:51","guid":{"rendered":"https:\/\/rewearmoto.it\/?page_id=69"},"modified":"2024-03-28T16:29:28","modified_gmt":"2024-03-28T16:29:28","slug":"la-nostra-filosofia","status":"publish","type":"page","link":"https:\/\/rewearmoto.it\/?page_id=69","title":{"rendered":"Il Progetto"},"content":{"rendered":"\n<h2 class=\"wp-block-heading\"><strong>La nostra filosofia<\/strong><\/h2>\n\n\n\n<p style=\"font-size:20px\"><strong>Da cosa nasce la nostra idea?<\/strong><\/p>\n\n\n\n<p>Ci siamo resi conto che spesso la sicurezza stradale non viene considerata una priorit\u00e0 da molti giovani. Dalle nostre ricerche di mercato, condotte su 72 intervistati, sono emersi diversi dati che ci hanno spinto ad intraprendere questa idea imprenditoriale.&nbsp;<\/p>\n\n\n\n<p>Dai nostri sondaggi \u00e8 emerso che tanti seguono le ultime tendenze sul mondo delle due ruote, soprattutto grazie ai social, ma al contrario non sono in molti ad informarsi sulle direttive legislative e sulle modifiche al codice della strada.<\/p>\n\n\n\n<p>Anche la percezione del pericolo sembra distorta da quella reale: la maggior parte dei partecipanti crede che indossare semplicemente indossando il casco sia abbastanza per proteggersi. Ma perch\u00e9 non vengono utilizzate le altre protezioni?<\/p>\n\n\n\n<h2 class=\"wp-block-heading\">Le giacche non vengono comprate perch\u00e9:<\/h2>\n\n\n<div class=\"wp-block-image\">\n<figure class=\"aligncenter size-full is-resized\"><img loading=\"lazy\" decoding=\"async\" width=\"931\" height=\"652\" src=\"https:\/\/rewearmoto.it\/wp-content\/uploads\/2024\/03\/Progetto-senza-titolo.jpg\" alt=\"\" class=\"wp-image-85\" style=\"width:342px;height:auto\" srcset=\"https:\/\/rewearmoto.it\/wp-content\/uploads\/2024\/03\/Progetto-senza-titolo.jpg 931w, https:\/\/rewearmoto.it\/wp-content\/uploads\/2024\/03\/Progetto-senza-titolo-300x210.jpg 300w, https:\/\/rewearmoto.it\/wp-content\/uploads\/2024\/03\/Progetto-senza-titolo-768x538.jpg 768w\" sizes=\"auto, (max-width: 767px) 89vw, (max-width: 1000px) 54vw, (max-width: 1071px) 543px, 580px\" \/><\/figure>\n<\/div>\n\n\n<h2 class=\"wp-block-heading\">Gli elementi maggiormente considerati sono:<\/h2>\n\n\n<div class=\"wp-block-image\">\n<figure class=\"aligncenter size-full is-resized\"><img loading=\"lazy\" decoding=\"async\" width=\"791\" height=\"624\" src=\"https:\/\/rewearmoto.it\/wp-content\/uploads\/2024\/03\/Progetto-senza-titolo-1.jpg\" alt=\"\" class=\"wp-image-86\" style=\"width:272px;height:auto\" srcset=\"https:\/\/rewearmoto.it\/wp-content\/uploads\/2024\/03\/Progetto-senza-titolo-1.jpg 791w, https:\/\/rewearmoto.it\/wp-content\/uploads\/2024\/03\/Progetto-senza-titolo-1-300x237.jpg 300w, https:\/\/rewearmoto.it\/wp-content\/uploads\/2024\/03\/Progetto-senza-titolo-1-768x606.jpg 768w\" sizes=\"auto, (max-width: 767px) 89vw, (max-width: 1000px) 54vw, (max-width: 1071px) 543px, 580px\" \/><\/figure>\n<\/div>\n\n\n<h2 class=\"wp-block-heading\">Il dato pi\u00f9 significativo alla domanda &#8220;compreresti la giacca se costasse meno?&#8221;:<\/h2>\n\n\n<div class=\"wp-block-image\">\n<figure class=\"aligncenter size-full is-resized\"><img loading=\"lazy\" decoding=\"async\" width=\"576\" height=\"576\" src=\"https:\/\/rewearmoto.it\/wp-content\/uploads\/2024\/03\/Progetto-senza-titolo-2.jpg\" alt=\"\" class=\"wp-image-87\" style=\"width:211px;height:auto\" srcset=\"https:\/\/rewearmoto.it\/wp-content\/uploads\/2024\/03\/Progetto-senza-titolo-2.jpg 576w, https:\/\/rewearmoto.it\/wp-content\/uploads\/2024\/03\/Progetto-senza-titolo-2-300x300.jpg 300w, https:\/\/rewearmoto.it\/wp-content\/uploads\/2024\/03\/Progetto-senza-titolo-2-150x150.jpg 150w, https:\/\/rewearmoto.it\/wp-content\/uploads\/2024\/03\/Progetto-senza-titolo-2-100x100.jpg 100w\" sizes=\"auto, (max-width: 576px) 100vw, 576px\" \/><\/figure>\n<\/div>\n\n\n<p style=\"font-size:20px\"><strong>Crediamo che la sicurezza sia un diritto di tutti<\/strong><\/p>\n\n\n\n<p>ReWearMoto nasce per venire incontro ai giovani motociclisti che vogliono sentirsi protetti e sicuri mentre circolano in strada. Ecco perch\u00e9 vogliamo offrire un prodotto sicuro, conveniente e accessibile a tutti.&nbsp;<\/p>\n\n\n\n<p>La sicurezza dovrebbe essere una priorit\u00e0 fondamentale e crediamo che tutti debbano avere la possibilit\u00e0 di proteggersi. Ci impegniamo a seguire questi valori di protezione, convenienza e sostenibilit\u00e0, intraprendendo allo stesso tempo a condividere e tenere informati i giovani grazie a post di sensibilizzazione e d\u2019informazione sui social.<\/p>\n\n\n\n<p class=\"has-medium-font-size\"><strong>Come nasce la tua giacca<\/strong><\/p>\n\n\n\n<p>Non ci stanchiamo mai di dirlo: dove gli altri vedono uno scarto, noi vediamo una nuova opportunit\u00e0. La tua giacca nasce infatti da elementi derivati dal processo di produzione di Dainese, azienda leader nel settore dell\u2019abbigliamento motociclistico. Non credere per\u00f2 che la tua giacca non sia di qualit\u00e0!<\/p>\n\n\n\n<p>Ogni elemento \u00e8 stato studiato e ricercato per garantire il miglior comfort al momento dell\u2019utilizzo, anche (e soprattutto) nel periodo primaverile ed estivo, grazie alle specifiche caratteristiche dei materiali utilizzati.<\/p>\n\n\n\n<p>Dainese ci fornisce il materiale necessario per la produzione delle nostre giacche, il quale viene lavorato e trasformato in una nuova giacca da un\u2019altra realt\u00e0 del nostro territorio. Ecco perch\u00e9 il prezzo \u00e8 cos\u00ec basso!<\/p>\n\n\n\n<p class=\"has-medium-font-size\"><strong>L\u2019importanza della second-life<\/strong><\/p>\n\n\n\n<p>Siamo un\u2019impresa giovane ed innovativa. Teniamo moltissimo al tema della sostenibilit\u00e0 e il valore della Second-Life \u00e8 per noi fondamentale.<\/p>\n\n\n\n<p>Per questo la nostra azienda promuove e si impegna a contribuire al raggiungimento degli obiettivi dell\u2019Agenda 2030 per lo Sviluppo Sostenibile. In particolar modo ReWearMoto contribuisce al raggiungimento di diversi traguardi:<\/p>\n\n\n<div class=\"wp-block-image\">\n<figure class=\"alignleft size-large is-resized\"><img loading=\"lazy\" decoding=\"async\" width=\"1024\" height=\"1024\" src=\"https:\/\/rewearmoto.it\/wp-content\/uploads\/2024\/03\/ob9-1024x1024.png\" alt=\"\" class=\"wp-image-91\" style=\"width:115px;height:auto\" srcset=\"https:\/\/rewearmoto.it\/wp-content\/uploads\/2024\/03\/ob9-1024x1024.png 1024w, https:\/\/rewearmoto.it\/wp-content\/uploads\/2024\/03\/ob9-300x300.png 300w, https:\/\/rewearmoto.it\/wp-content\/uploads\/2024\/03\/ob9-150x150.png 150w, https:\/\/rewearmoto.it\/wp-content\/uploads\/2024\/03\/ob9-768x768.png 768w, https:\/\/rewearmoto.it\/wp-content\/uploads\/2024\/03\/ob9-1536x1536.png 1536w, https:\/\/rewearmoto.it\/wp-content\/uploads\/2024\/03\/ob9-100x100.png 100w, https:\/\/rewearmoto.it\/wp-content\/uploads\/2024\/03\/ob9.png 2000w\" sizes=\"auto, (max-width: 767px) 89vw, (max-width: 1000px) 54vw, (max-width: 1071px) 543px, 580px\" \/><\/figure>\n<\/div>\n\n<div class=\"wp-block-image\">\n<figure class=\"alignleft size-full is-resized\"><img loading=\"lazy\" decoding=\"async\" width=\"512\" height=\"512\" src=\"https:\/\/rewearmoto.it\/wp-content\/uploads\/2024\/03\/ob-11.png\" alt=\"\" class=\"wp-image-89\" style=\"width:114px;height:auto\" srcset=\"https:\/\/rewearmoto.it\/wp-content\/uploads\/2024\/03\/ob-11.png 512w, https:\/\/rewearmoto.it\/wp-content\/uploads\/2024\/03\/ob-11-300x300.png 300w, https:\/\/rewearmoto.it\/wp-content\/uploads\/2024\/03\/ob-11-150x150.png 150w, https:\/\/rewearmoto.it\/wp-content\/uploads\/2024\/03\/ob-11-100x100.png 100w\" sizes=\"auto, (max-width: 512px) 100vw, 512px\" \/><\/figure>\n<\/div>\n\n<div class=\"wp-block-image\">\n<figure class=\"alignleft size-full is-resized\"><img loading=\"lazy\" decoding=\"async\" width=\"426\" height=\"426\" src=\"https:\/\/rewearmoto.it\/wp-content\/uploads\/2024\/03\/ob-12.jpg\" alt=\"\" class=\"wp-image-90\" style=\"width:115px;height:auto\" srcset=\"https:\/\/rewearmoto.it\/wp-content\/uploads\/2024\/03\/ob-12.jpg 426w, https:\/\/rewearmoto.it\/wp-content\/uploads\/2024\/03\/ob-12-300x300.jpg 300w, https:\/\/rewearmoto.it\/wp-content\/uploads\/2024\/03\/ob-12-150x150.jpg 150w, https:\/\/rewearmoto.it\/wp-content\/uploads\/2024\/03\/ob-12-100x100.jpg 100w\" sizes=\"auto, (max-width: 426px) 100vw, 426px\" \/><\/figure>\n<\/div>","protected":false},"excerpt":{"rendered":"<p>La nostra filosofia Da cosa nasce la nostra idea? Ci siamo resi conto che spesso la sicurezza stradale non viene considerata una priorit\u00e0 da molti giovani. Dalle nostre ricerche di mercato, condotte su 72 intervistati, sono emersi diversi dati che ci hanno spinto ad intraprendere questa idea imprenditoriale.&nbsp; Dai nostri sondaggi \u00e8 emerso che tanti &hellip; <\/p>\n<p class=\"link-more\"><a href=\"https:\/\/rewearmoto.it\/?page_id=69\" class=\"more-link\">Leggi tutto<span class=\"screen-reader-text\"> &#8220;Il Progetto&#8221;<\/span><\/a><\/p>\n","protected":false},"author":1,"featured_media":0,"parent":0,"menu_order":0,"comment_status":"closed","ping_status":"closed","template":"","meta":{"footnotes":""},"class_list":["post-69","page","type-page","status-publish","hentry"],"_links":{"self":[{"href":"https:\/\/rewearmoto.it\/index.php?rest_route=\/wp\/v2\/pages\/69","targetHints":{"allow":["GET"]}}],"collection":[{"href":"https:\/\/rewearmoto.it\/index.php?rest_route=\/wp\/v2\/pages"}],"about":[{"href":"https:\/\/rewearmoto.it\/index.php?rest_route=\/wp\/v2\/types\/page"}],"author":[{"embeddable":true,"href":"https:\/\/rewearmoto.it\/index.php?rest_route=\/wp\/v2\/users\/1"}],"replies":[{"embeddable":true,"href":"https:\/\/rewearmoto.it\/index.php?rest_route=%2Fwp%2Fv2%2Fcomments&post=69"}],"version-history":[{"count":14,"href":"https:\/\/rewearmoto.it\/index.php?rest_route=\/wp\/v2\/pages\/69\/revisions"}],"predecessor-version":[{"id":124,"href":"https:\/\/rewearmoto.it\/index.php?rest_route=\/wp\/v2\/pages\/69\/revisions\/124"}],"wp:attachment":[{"href":"https:\/\/rewearmoto.it\/index.php?rest_route=%2Fwp%2Fv2%2Fmedia&parent=69"}],"curies":[{"name":"wp","href":"https:\/\/api.w.org\/{rel}","templated":true}]}}